{"id":5722,"date":"2023-01-04T13:03:52","date_gmt":"2023-01-04T12:03:52","guid":{"rendered":"http:\/\/arctic-ice.eu\/groessenberechnung\/"},"modified":"2023-02-02T11:04:06","modified_gmt":"2023-02-02T10:04:06","slug":"groessenberechnung","status":"publish","type":"page","link":"https:\/\/arctic-ice.eu\/de\/groessenberechnung\/","title":{"rendered":"Gr\u00f6\u00dfenberechnung"},"content":{"rendered":"<div class=\"fusion-fullwidth fullwidth-box fusion-builder-row-1 fusion-flex-container nonhundred-percent-fullwidth non-hundred-percent-height-scrolling\" style=\"--awb-border-radius-top-left:0px;--awb-border-radius-top-right:0px;--awb-border-radius-bottom-right:0px;--awb-border-radius-bottom-left:0px;--awb-padding-top:250px;--awb-padding-bottom:200px;--awb-padding-top-small:150px;--awb-padding-bottom-small:0px;--awb-flex-wrap:wrap;\" ><div class=\"fusion-builder-row fusion-row fusion-flex-align-items-stretch fusion-flex-align-content-flex-end fusion-flex-content-wrap\" style=\"max-width:1248px;margin-left: calc(-4% \/ 2 );margin-right: calc(-4% \/ 2 );\"><div class=\"fusion-layout-column fusion_builder_column fusion-builder-column-0 fusion_builder_column_1_1 1_1 fusion-flex-column\" style=\"--awb-bg-size:cover;--awb-width-large:100%;--awb-margin-top-large:0px;--awb-spacing-right-large:1.92%;--awb-margin-bottom-large:20px;--awb-spacing-left-large:1.92%;--awb-width-medium:100%;--awb-order-medium:0;--awb-spacing-right-medium:1.92%;--awb-spacing-left-medium:1.92%;--awb-width-small:100%;--awb-order-small:0;--awb-spacing-right-small:1.92%;--awb-spacing-left-small:1.92%;\"><div class=\"fusion-column-wrapper fusion-column-has-shadow fusion-flex-justify-content-flex-start fusion-content-layout-column\"><div class=\"fusion-title title fusion-title-1 fusion-sep-none fusion-title-text fusion-title-size-one\"><h1 class=\"fusion-title-heading title-heading-left\" style=\"margin:0;\">W\u00fcrfelberechnung<\/h1><\/div><\/div><\/div><div class=\"fusion-layout-column fusion_builder_column fusion-builder-column-1 fusion_builder_column_1_1 1_1 fusion-flex-column fusion-flex-align-self-center\" style=\"--awb-bg-size:cover;--awb-width-large:100%;--awb-margin-top-large:0px;--awb-spacing-right-large:1.92%;--awb-margin-bottom-large:20px;--awb-spacing-left-large:1.92%;--awb-width-medium:100%;--awb-order-medium:0;--awb-spacing-right-medium:1.92%;--awb-spacing-left-medium:1.92%;--awb-width-small:100%;--awb-order-small:0;--awb-spacing-right-small:1.92%;--awb-spacing-left-small:1.92%;\"><div class=\"fusion-column-wrapper fusion-column-has-shadow fusion-flex-justify-content-center fusion-content-layout-column\"><div class=\"fusion-builder-row fusion-builder-row-inner fusion-row fusion-flex-align-items-stretch fusion-flex-align-content-flex-end fusion-flex-content-wrap\" style=\"width:104% !important;max-width:104% !important;margin-left: calc(-4% \/ 2 );margin-right: calc(-4% \/ 2 );\"><div class=\"fusion-layout-column fusion_builder_column_inner fusion-builder-nested-column-0 fusion_builder_column_inner_1_2 1_2 fusion-flex-column\" style=\"--awb-bg-size:cover;--awb-width-large:50%;--awb-margin-top-large:0px;--awb-spacing-right-large:3.84%;--awb-margin-bottom-large:20px;--awb-spacing-left-large:3.84%;--awb-width-medium:50%;--awb-order-medium:0;--awb-spacing-right-medium:3.84%;--awb-spacing-left-medium:3.84%;--awb-width-small:100%;--awb-order-small:0;--awb-spacing-right-small:1.92%;--awb-spacing-left-small:1.92%;\"><div class=\"fusion-column-wrapper fusion-column-has-shadow fusion-flex-justify-content-flex-start fusion-content-layout-column\"><form id=\"form-izracun-kocke\">\n\t<div>\n\t\t<label for=\"koncka_npk\">Innendurchmesser des Glases (mm)<\/label>\n  \t\t<input type=\"number\" id=\"koncka_npk\" name=\"koncka_npk\" value=\"\">\n\t<\/div>\n\t<div>\n\t\t<label for=\"koncka_nvk\">Innenh\u00f6he des Glases (mm)<\/label>\n  \t\t<input type=\"number\" id=\"koncka_nvk\" name=\"koncka_nvk\" value=\"\">\n\t<\/div>\n\t<div>\n\t\t<label for=\"koncka_kpk\">Getr\u00e4nkemenge im Glas (ml)<\/label>\n  \t\t<input type=\"number\" id=\"koncka_kpk\" name=\"koncka_kpk\" value=\"\">\n\t<\/div>\n\t<button type=\"submit\" id=\"form-izracun-kocke-btn\">Rechne nach<\/button>\n<\/form>\n<div id=\"rezultat-izracun-kocke\"><\/div>\n\n\n<script>\n\tconst btnSubmitKocka = document.getElementById('form-izracun-kocke-btn');\n\tlet rezultat = document.getElementById('rezultat-izracun-kocke');\n\n\tfunction izracunaj_kocko(e) {\n\t\te.preventDefault();\n  \t\n  \t\tlet npk = document.getElementById('koncka_npk').value;\n  \t\tlet nvk = document.getElementById('koncka_nvk').value;\n  \t\tlet kpk = document.getElementById('koncka_kpk').value;\n\t\t\n\t\tif (npk === \"\" || nvk === \"\" || kpk === \"\") {\n\t\t\trezultat.textContent = 'Bitte geben Sie alle Werte ein!';\n\t\t\treturn;\n\t\t}\n\t\t\n\t\tif (preostanek_volumna(npk, nvk, kpk) < 0) {\n\t\t\trezultat.textContent = 'Das Verh\u00e4ltnis zwischen den eingegebenen Ma\u00dfen des Glases und der Getr\u00e4nkemenge im Glas ist falsch!';\n\t\t\treturn;\n\t\t}\n\t\t\n\t\tlet kocka = round(Math.floor(izracun_kocke(npk, nvk, kpk)));\n\t\tlet max_kocka = Math.floor(round(max_velikost_kocke(npk)));\n\t\t\n\t\tif (kocka > max_kocka) {\n\t\t\trezultat.textContent = `W\u00fcrfelgr\u00f6\u00dfe: ${max_kocka.toString()} mm`;\n\t\t\treturn;\n\t\t}\n\t\t\n\t\trezultat.textContent = `W\u00fcrfelgr\u00f6\u00dfe: ${kocka.toString()} mm`;\n\t}\n\t\n\tfunction round(x) {\n\t\treturn Math.floor(x) - Math.floor(x) % 5;\n\t}\n\t\n\tfunction volumen_kozarca(npk, nvk) {\n\t\treturn nvk * 3.14159265359 * Math.pow((npk\/2), 2);\n\t}\n\t\n\tfunction volumen_zmanjsan(npk, nvk) {\n\t\treturn (nvk - 5) * 3.14159265359 * Math.pow((npk \/ 2), 2);\n\t}\n\t\n\tfunction preostanek_volumna(npk, nvk, kpk) {\n\t\treturn volumen_zmanjsan(npk, nvk) - (1000 * kpk);\n\t}\n\t\n\tfunction max_velikost_kocke(npk) {\n\t\treturn Math.sqrt(0.5 * Math.pow(npk, 2));\n\t}\n\t\n\tfunction izracun_kocke(npk, nvk, kpk) {\n\t\treturn Math.pow(preostanek_volumna(npk, nvk, kpk), 1\/3);\n\t}\n\n\tbtnSubmitKocka.addEventListener('click', izracunaj_kocko);\n<\/script><\/div><\/div><div class=\"fusion-layout-column fusion_builder_column_inner fusion-builder-nested-column-1 fusion_builder_column_inner_1_2 1_2 fusion-flex-column\" style=\"--awb-bg-size:cover;--awb-width-large:50%;--awb-margin-top-large:0px;--awb-spacing-right-large:3.84%;--awb-margin-bottom-large:20px;--awb-spacing-left-large:3.84%;--awb-width-medium:50%;--awb-order-medium:0;--awb-spacing-right-medium:3.84%;--awb-spacing-left-medium:3.84%;--awb-width-small:100%;--awb-order-small:0;--awb-spacing-right-small:1.92%;--awb-spacing-left-small:1.92%;\"><div class=\"fusion-column-wrapper fusion-column-has-shadow fusion-flex-justify-content-flex-start fusion-content-layout-column\"><div class=\"fusion-image-element \" style=\"--awb-aspect-ratio:1 \/ 1;--awb-caption-title-font-family:var(--h2_typography-font-family);--awb-caption-title-font-weight:var(--h2_typography-font-weight);--awb-caption-title-font-style:var(--h2_typography-font-style);--awb-caption-title-size:var(--h2_typography-font-size);--awb-caption-title-transform:var(--h2_typography-text-transform);--awb-caption-title-line-height:var(--h2_typography-line-height);--awb-caption-title-letter-spacing:var(--h2_typography-letter-spacing);\"><span class=\" fusion-imageframe imageframe-none imageframe-1 hover-type-none has-aspect-ratio\"><img decoding=\"async\" width=\"225\" height=\"300\" alt=\"kocke1\" title=\"kocke1\" src=\"http:\/\/arctic-ice.eu\/wp-content\/uploads\/2022\/08\/kocke1-225x300.jpg\" class=\"img-responsive wp-image-5646 img-with-aspect-ratio\" data-parent-fit=\"cover\" data-parent-container=\".fusion-image-element\" srcset=\"https:\/\/arctic-ice.eu\/wp-content\/uploads\/2022\/08\/kocke1-200x267.jpg 200w, https:\/\/arctic-ice.eu\/wp-content\/uploads\/2022\/08\/kocke1-400x533.jpg 400w, https:\/\/arctic-ice.eu\/wp-content\/uploads\/2022\/08\/kocke1-600x800.jpg 600w, https:\/\/arctic-ice.eu\/wp-content\/uploads\/2022\/08\/kocke1-800x1067.jpg 800w, https:\/\/arctic-ice.eu\/wp-content\/uploads\/2022\/08\/kocke1-1200x1600.jpg 1200w, https:\/\/arctic-ice.eu\/wp-content\/uploads\/2022\/08\/kocke1.jpg 1920w\" sizes=\"(max-width: 640px) 100vw, 600px\" \/><\/span><\/div><\/div><\/div><\/div><\/div><\/div><div class=\"fusion-layout-column fusion_builder_column fusion-builder-column-2 fusion_builder_column_1_1 1_1 fusion-flex-column\" style=\"--awb-bg-size:cover;--awb-width-large:100%;--awb-margin-top-large:0px;--awb-spacing-right-large:1.92%;--awb-margin-bottom-large:20px;--awb-spacing-left-large:1.92%;--awb-width-medium:100%;--awb-order-medium:0;--awb-spacing-right-medium:1.92%;--awb-spacing-left-medium:1.92%;--awb-width-small:100%;--awb-order-small:0;--awb-spacing-right-small:1.92%;--awb-spacing-left-small:1.92%;\"><div class=\"fusion-column-wrapper fusion-column-has-shadow fusion-flex-justify-content-flex-start fusion-content-layout-column\"><div class=\"fusion-title title fusion-title-2 fusion-sep-none fusion-title-text fusion-title-size-one\"><h1 class=\"fusion-title-heading title-heading-left\" style=\"margin:0;\">Quaderberechnung<\/h1><\/div><\/div><\/div><div class=\"fusion-layout-column fusion_builder_column fusion-builder-column-3 fusion_builder_column_1_1 1_1 fusion-flex-column fusion-flex-align-self-center\" style=\"--awb-bg-size:cover;--awb-width-large:100%;--awb-margin-top-large:0px;--awb-spacing-right-large:1.92%;--awb-margin-bottom-large:20px;--awb-spacing-left-large:1.92%;--awb-width-medium:100%;--awb-order-medium:0;--awb-spacing-right-medium:1.92%;--awb-spacing-left-medium:1.92%;--awb-width-small:100%;--awb-order-small:0;--awb-spacing-right-small:1.92%;--awb-spacing-left-small:1.92%;\"><div class=\"fusion-column-wrapper fusion-column-has-shadow fusion-flex-justify-content-center fusion-content-layout-column\"><div class=\"fusion-builder-row fusion-builder-row-inner fusion-row fusion-flex-align-items-stretch fusion-flex-align-content-flex-end fusion-flex-content-wrap\" style=\"width:104% !important;max-width:104% !important;margin-left: calc(-4% \/ 2 );margin-right: calc(-4% \/ 2 );\"><div class=\"fusion-layout-column fusion_builder_column_inner fusion-builder-nested-column-2 fusion_builder_column_inner_1_2 1_2 fusion-flex-column\" style=\"--awb-bg-size:cover;--awb-width-large:50%;--awb-margin-top-large:0px;--awb-spacing-right-large:3.84%;--awb-margin-bottom-large:20px;--awb-spacing-left-large:3.84%;--awb-width-medium:50%;--awb-order-medium:0;--awb-spacing-right-medium:3.84%;--awb-spacing-left-medium:3.84%;--awb-width-small:100%;--awb-order-small:0;--awb-spacing-right-small:1.92%;--awb-spacing-left-small:1.92%;\"><div class=\"fusion-column-wrapper fusion-column-has-shadow fusion-flex-justify-content-flex-start fusion-content-layout-column\"><div class=\"fusion-image-element \" style=\"--awb-aspect-ratio:1 \/ 1;--awb-caption-title-font-family:var(--h2_typography-font-family);--awb-caption-title-font-weight:var(--h2_typography-font-weight);--awb-caption-title-font-style:var(--h2_typography-font-style);--awb-caption-title-size:var(--h2_typography-font-size);--awb-caption-title-transform:var(--h2_typography-text-transform);--awb-caption-title-line-height:var(--h2_typography-line-height);--awb-caption-title-letter-spacing:var(--h2_typography-letter-spacing);\"><span class=\" fusion-imageframe imageframe-none imageframe-2 hover-type-none has-aspect-ratio\"><img decoding=\"async\" width=\"225\" height=\"300\" alt=\"kvader2\" title=\"kvader2\" src=\"http:\/\/arctic-ice.eu\/wp-content\/uploads\/2022\/08\/kvader2-225x300.jpg\" class=\"img-responsive wp-image-5656 img-with-aspect-ratio\" data-parent-fit=\"cover\" data-parent-container=\".fusion-image-element\" srcset=\"https:\/\/arctic-ice.eu\/wp-content\/uploads\/2022\/08\/kvader2-200x267.jpg 200w, https:\/\/arctic-ice.eu\/wp-content\/uploads\/2022\/08\/kvader2-400x533.jpg 400w, https:\/\/arctic-ice.eu\/wp-content\/uploads\/2022\/08\/kvader2-600x800.jpg 600w, https:\/\/arctic-ice.eu\/wp-content\/uploads\/2022\/08\/kvader2-800x1067.jpg 800w, https:\/\/arctic-ice.eu\/wp-content\/uploads\/2022\/08\/kvader2-1200x1600.jpg 1200w, https:\/\/arctic-ice.eu\/wp-content\/uploads\/2022\/08\/kvader2.jpg 1920w\" sizes=\"(max-width: 640px) 100vw, 600px\" \/><\/span><\/div><\/div><\/div><div class=\"fusion-layout-column fusion_builder_column_inner fusion-builder-nested-column-3 fusion_builder_column_inner_1_2 1_2 fusion-flex-column\" style=\"--awb-bg-size:cover;--awb-width-large:50%;--awb-margin-top-large:0px;--awb-spacing-right-large:3.84%;--awb-margin-bottom-large:20px;--awb-spacing-left-large:3.84%;--awb-width-medium:50%;--awb-order-medium:0;--awb-spacing-right-medium:3.84%;--awb-spacing-left-medium:3.84%;--awb-width-small:100%;--awb-order-small:0;--awb-spacing-right-small:1.92%;--awb-spacing-left-small:1.92%;\"><div class=\"fusion-column-wrapper fusion-column-has-shadow fusion-flex-justify-content-flex-start fusion-content-layout-column\"><form id=\"form-izracun-kvadra\">\n\t<div>\n\t\t<label for=\"kvader_npk\">Innendurchmesser des Glases (mm)<\/label>\n  \t\t<input type=\"number\" id=\"kvader_npk\" name=\"koncka_npk\" value=\"\">\n\t<\/div>\n\t<div>\n\t\t<label for=\"kvader_nvk\">Innenh\u00f6he des Glases (mm)<\/label>\n  \t\t<input type=\"number\" id=\"kvader_nvk\" name=\"koncka_nvk\" value=\"\">\n\t<\/div>\n\t<div>\n\t\t<label for=\"kvader_kpk\">Getr\u00e4nkemenge im Glas (ml)<\/label>\n  \t\t<input type=\"number\" id=\"kvader_kpk\" name=\"koncka_kpk\" value=\"\">\n\t<\/div>\n\t<button type=\"submit\" id=\"form-izracun-kvadra-btn\">Rechne nach<\/button>\n<\/form>\n<div id=\"rezultat-izracun-kvadra1\"><\/div>\n<div id=\"rezultat-izracun-kvadra2\"><\/div>\n\n\n<script>\n\tconst btnSubmitKvader = document.getElementById('form-izracun-kvadra-btn');\n\tlet rezultatKvader = document.getElementById('rezultat-izracun-kvadra1');\n    let rezultatKvader2 = document.getElementById('rezultat-izracun-kvadra2');\n\n\tfunction izracunaj_kvader(e) {\n\t\te.preventDefault();\n  \t\n  \t\tlet npk = document.getElementById('kvader_npk').value;\n  \t\tlet nvk = document.getElementById('kvader_nvk').value;\n  \t\tlet kpk = document.getElementById('kvader_kpk').value;\n\t\t\n\t\tif (npk === \"\" || nvk === \"\" || kpk === \"\") {\n\t\t\trezultatKvader.textContent = 'Bitte geben Sie alle Werte ein!';\n\t\t\treturn;\n\t\t}\n\t\t\n\t\tif (preostanek_volumna(npk, nvk, kpk) < 0) {\n\t\t\trezultatKvader.textContent = 'Das Verh\u00e4ltnis zwischen den eingegebenen Ma\u00dfen des Glases und der Getr\u00e4nkemenge im Glas ist falsch!';\n            rezultatKvader2.textContent = '';\n\t\t\treturn;\n\t\t}\n\t\t\n\t\tlet max_sirina_kvader = round(Math.floor(max_sirina_kvadra(npk)));\n\t\tlet visina_kvader = round(Math.floor(nvk - 5));\n\t\tlet sirina_kvader = round(Math.sqrt(preostanek_volumna(npk, nvk, kpk) \/ visina_kvader));\n\t\t\n\t\t\n\t\tif (sirina_kvader > max_sirina_kvader) {\n\t\t\t\n\t\t\trezultatKvader.textContent = `Die Breite des Quaders: ${max_sirina_kvader.toString()} mm`;\n            rezultatKvader2.textContent = `Die H\u00f6he des Quaders: ${visina_kvader.toString()} mm`;\n\n\t\t\treturn;\n\t\t}\n\t\t\n\t\trezultatKvader.textContent = `Die Breite des Quaders: ${sirina_kvader.toString()} mm`;\n        rezultatKvader2.textContent = `Die H\u00f6he des Quaders: ${visina_kvader.toString()} mm`;\n\t}\n\t\n\tfunction round(x) {\n\t\treturn Math.floor(x) - Math.floor(x) % 5;\n\t}\n\t\n\tfunction volumen_kozarca(npk, nvk) {\n\t\treturn nvk * 3.14159265359 * Math.pow((npk\/2), 2);\n\t}\n\t\n\tfunction volumen_zmanjsan(npk, nvk) {\n\t\treturn (nvk-5) * 3.14159265359 * Math.pow((npk\/2), 2);\n\t}\n\t\n\tfunction preostanek_volumna(npk, nvk, kpk) {\n\t\treturn volumen_zmanjsan(npk, nvk) - 1000 * kpk;\n\t}\n\t\n\tfunction max_sirina_kvadra(npk) {\n\t\treturn Math.sqrt(0.5 * Math.pow(npk, 2));\n\t}\n\t\n\tfunction izracun_visine_kvadra(npk, nvk, kpk) {\n\t\treturn Math.pow(preostanek_volumna(npk, nvk, kpk), 1\/3);\n\t}\n\n\tbtnSubmitKvader.addEventListener('click', izracunaj_kvader);\n<\/script><\/div><\/div><\/div><\/div><\/div><\/div><\/div>\n","protected":false},"excerpt":{"rendered":"","protected":false},"author":1,"featured_media":0,"parent":0,"menu_order":0,"comment_status":"closed","ping_status":"closed","template":"","meta":{"footnotes":""},"class_list":["post-5722","page","type-page","status-publish","hentry"],"_links":{"self":[{"href":"https:\/\/arctic-ice.eu\/de\/wp-json\/wp\/v2\/pages\/5722","targetHints":{"allow":["GET"]}}],"collection":[{"href":"https:\/\/arctic-ice.eu\/de\/wp-json\/wp\/v2\/pages"}],"about":[{"href":"https:\/\/arctic-ice.eu\/de\/wp-json\/wp\/v2\/types\/page"}],"author":[{"embeddable":true,"href":"https:\/\/arctic-ice.eu\/de\/wp-json\/wp\/v2\/users\/1"}],"replies":[{"embeddable":true,"href":"https:\/\/arctic-ice.eu\/de\/wp-json\/wp\/v2\/comments?post=5722"}],"version-history":[{"count":3,"href":"https:\/\/arctic-ice.eu\/de\/wp-json\/wp\/v2\/pages\/5722\/revisions"}],"predecessor-version":[{"id":5878,"href":"https:\/\/arctic-ice.eu\/de\/wp-json\/wp\/v2\/pages\/5722\/revisions\/5878"}],"wp:attachment":[{"href":"https:\/\/arctic-ice.eu\/de\/wp-json\/wp\/v2\/media?parent=5722"}],"curies":[{"name":"wp","href":"https:\/\/api.w.org\/{rel}","templated":true}]}}